{"id":791,"date":"2016-05-17T11:19:59","date_gmt":"2016-05-17T11:19:59","guid":{"rendered":"https:\/\/hotelwolf.at\/en\/?page_id=791"},"modified":"2020-10-08T06:31:38","modified_gmt":"2020-10-08T06:31:38","slug":"impressum","status":"publish","type":"page","link":"https:\/\/hotelwolf.at\/en\/impressum\/","title":{"rendered":"Imprint"},"content":{"rendered":"<div class=\"flex_column av_one_fifth  flex_column_div av-zero-column-padding first  avia-builder-el-0  el_before_av_three_fifth  avia-builder-el-first  \" style='border-radius:0px; '><\/div>\n<div class=\"flex_column av_three_fifth  flex_column_div av-zero-column-padding   avia-builder-el-1  el_after_av_one_fifth  el_before_av_one_fifth  \" style='border-radius:0px; '><p><section class=\"av_textblock_section \"  itemscope=\"itemscope\" itemtype=\"https:\/\/schema.org\/CreativeWork\" ><div class='avia_textblock  '   itemprop=\"text\" ><p><strong>Hotel Wolf GmbH<\/strong><br \/>\nKaigasse 7, 5020 Salzburg, \u00d6sterreich\/Austria<br \/>\nT: +43 662 84 34 53-0<br \/>\nF: +43 662 84 24 23-4<br \/>\nM: <a href=\"mailto:office@hotelwolf.com\">office@hotelwolf.com<\/a><\/p>\n<p>FB.-Nr.: 155879i Firmengericht: LG Salzburg<br \/>\nUID.Nr.: ATU053003208<\/p>\n<p>Kammer\/Berufsverband: Wirtschaftskammer Salzburg<\/p>\n<p>Medieninhaber: Hotel Wolf GmbH<\/p>\n<p>F\u00fcr den Inhalt verantwortlich: Rottensteiner Wolfgang<\/p>\n<p>Grundlegende Richtung:<br \/>\nDie vorliegende Website ist ein Online-Angebot der Firma Hotel Wolf GmbH im Internet. Unter dieser Web-Adresse und allf\u00e4lliger Subdomains werden umfangreiche Informations- und Online-Dienste zu Produkten und Leistungen unseres Unternehmens bereit gestellt.<\/p>\n<p>Gewerbe- und berufsrechtliche Vorschriften:<br \/>\n\u00d6sterreichische Gewerbeordnung<\/p>\n<p>Stornierung:<br \/>\nFalls nicht anders vereinbart, gelten die<a href=\"http:\/\/www.hotelverband.at\/down\/AGBH_061115.pdf\" target=\"_blank\" rel=\"noopener noreferrer\"> hier f\u00fcr Sie zum Download <\/a>verlinkten \u00f6sterreichischen Hotelvertragsbedingungen, die in den Allgemeinen Gesch\u00e4ftsbedingungen f\u00fcr die Hotellerie AGB(H) festgelegt sind.<\/p>\n<p>Fotos &amp; Texte:<\/p>\n<p>Copyright: Anton Rottensteiner, Tourismus Salzburg<\/p>\n<\/div><\/section><br \/>\n<section class=\"av_textblock_section \"  itemscope=\"itemscope\" itemtype=\"https:\/\/schema.org\/CreativeWork\" ><div class='avia_textblock  '   itemprop=\"text\" ><p><strong>HAFTUNGSAUSSCHLUSS<\/strong><\/p>\n<p>1. Inhalt des Onlineangebotes<br \/>\nDer Autor \u00fcbernimmt keinerlei Gew\u00e4hr f\u00fcr die Aktualit\u00e4t, Korrektheit, Vollst\u00e4ndigkeit oder Qualit\u00e4t der bereitgestellten Informationen. Haftungsanspr\u00fcche gegen den Autor, welche sich auf Sch\u00e4den materieller oder ideeller Art beziehen, die durch die Nutzung oder Nichtnutzung der dargebotenen Informationen bzw. durch die Nutzung fehlerhafter und unvollst\u00e4ndiger Informationen verursacht wurden, sind grunds\u00e4tzlich ausgeschlossen, sofern seitens des Autors kein nachweislich vors\u00e4tzliches oder grob fahrl\u00e4ssiges Verschulden vorliegt.<br \/>\nAlle Angebote sind freibleibend und unverbindlich.<br \/>\nDer Autor beh\u00e4lt es sich ausdr\u00fccklich vor, Teile der Seiten oder das gesamte Angebot ohne gesonderte Ank\u00fcndigung zu ver\u00e4ndern, zu erg\u00e4nzen, zu l\u00f6schen oder die Ver\u00f6ffentlichung zeitweise oder endg\u00fcltig einzustellen.<\/p>\n<p>2. Verweise und Links<br \/>\nBei direkten oder indirekten Verweisen auf fremde Webseiten (&#8220;Hyperlinks&#8221;), die au\u00dferhalb des Verantwortungsbereiches des Autors liegen, w\u00fcrde eine Haftungsverpflichtung ausschlie\u00dflich in dem Fall in Kraft treten, in dem der Autor von den Inhalten Kenntnis hat und es ihm technisch m\u00f6glich und zumutbar w\u00e4re, die Nutzung im Falle rechtswidriger Inhalte zu verhindern.<br \/>\nDer Autor erkl\u00e4rt hiermit ausdr\u00fccklich, dass zum Zeitpunkt der Linksetzung keine illegalen Inhalte auf den zu verlinkenden Seiten erkennbar waren. Auf die aktuelle und zuk\u00fcnftige Gestaltung, die Inhalte oder die Urheberschaft der gelinkten\/verkn\u00fcpften Seiten hat der Autor keinerlei Einfluss. Deshalb distanziert er sich hiermit ausdr\u00fccklich von allen Inhalten aller gelinkten \/verkn\u00fcpften Seiten, die nach der Linksetzung ver\u00e4ndert wurden. Diese Feststellung gilt f\u00fcr alle innerhalb des eigenen Internetangebotes gesetzten Links und Verweise sowie f\u00fcr Fremdeintr\u00e4ge in vom Autor eingerichteten G\u00e4steb\u00fcchern, Diskussionsforen und Mailinglisten. F\u00fcr illegale, fehlerhafte oder unvollst\u00e4ndige Inhalte und insbesondere f\u00fcr Sch\u00e4den, die aus der Nutzung oder Nichtnutzung solcherart dargebotener Informationen entstehen, haftet allein der Anbieter der Seite, auf welche verwiesen wurde, nicht derjenige, der \u00fcber Links auf die jeweilige Ver\u00f6ffentlichung lediglich verweist.<\/p>\n<p>3. Urheber- und Kennzeichenrecht<br \/>\nDer Autor ist bestrebt, in allen Publikationen die Urheberrechte der verwendeten Grafiken, Tondokumente, Videosequenzen und Texte zu beachten, von ihm selbst erstellte Grafiken, Tondokumente, Videosequenzen und Texte zu nutzen oder auf lizenzfreie Grafiken, Tondokumente, Videosequenzen und Texte zur\u00fcckzugreifen.<br \/>\nAlle innerhalb des Internetangebotes genannten und ggf. durch Dritte gesch\u00fctzten Marken- und Warenzeichen unterliegen uneingeschr\u00e4nkt den Bestimmungen des jeweils g\u00fcltigen Kennzeichenrechts und den Besitzrechten der jeweiligen eingetragenen Eigent\u00fcmer. Allein aufgrund der blo\u00dfen Nennung ist nicht der Schluss zu ziehen, dass Markenzeichen nicht durch Rechte Dritter gesch\u00fctzt sind!<br \/>\nDas Copyright f\u00fcr ver\u00f6ffentlichte, vom Autor selbst erstellte Objekte bleibt allein beim Autor der Seiten. Eine Vervielf\u00e4ltigung oder Verwendung solcher Grafiken, Tondokumente, Videosequenzen und Texte in anderen elektronischen oder gedruckten Publikationen ist ohne ausdr\u00fcckliche Zustimmung des Autors nicht gestattet.<\/p>\n<p>4. Rechtswirksamkeit dieses Haftungsausschlusses<br \/>\nDieser Haftungsausschluss ist als Teil des Internetangebotes zu betrachten, von dem aus auf diese Seite verwiesen wurde. Sofern Teile oder einzelne Formulierungen dieses Textes der geltenden Rechtslage nicht, nicht mehr oder nicht vollst\u00e4ndig entsprechen sollten, bleiben die \u00fcbrigen Teile des Dokumentes in ihrem Inhalt und ihrer G\u00fcltigkeit davon unber\u00fchrt.<\/p>\n<p><strong>DATENSCHUTZBESTIMMUNGEN<\/strong><\/p>\n<p>1. Personenbezogene Daten<br \/>\nPersonenbezogene Daten sind Informationen, die dazu genutzt werden k\u00f6nnen, Ihre Identit\u00e4t zu erfahren.<br \/>\nDarunter fallen Informationen wie Ihr richtiger Name, Adresse, Postanschrift, Telefonnummer.<\/p>\n<p>Sie k\u00f6nnen unser Online-Angebot grunds\u00e4tzlich ohne Offenlegung Ihrer Identit\u00e4t nutzen.<\/p>\n<p>Bei einer Kontaktaufnahme oder Bestellung erfassen wir Ihre personenbezogenen Daten \u00fcber unser automatisiertes<br \/>\nKontakt- u. Bestellsystem.<br \/>\nDie Daten\u00fcbertragung erfolgt dabei selbstverst\u00e4ndlich verschl\u00fcsselt.<\/p>\n<p>Folgende Daten werden erfasst:<br \/>\nVorname\/Nachname bzw. Firma, Adresse, Telefon, Fax, Emailadresse,<br \/>\nZahlungsbedingungen (Kreditkarteninformationen, Lieferinformationen)<\/p>\n<p>In Verbindung mit Ihrem Zugriff werden Ihre Daten f\u00fcr Sicherungszwecke gespeichert, die m\u00f6glicherweise eine Identifizierung zulassen (zum Beispiel IP-Adresse, Datum, Uhrzeit). Es findet keine personenbezogene Verwertung statt.<\/p>\n<p>Die statistische Auswertung anonymisierter Datens\u00e4tze bleibt vorbehalten.<\/p>\n<p>2. Weitergabe personenbezogener Informationen an Dritte<br \/>\nWir verwenden Ihre personenbezogenen Informationen im Falle von Bestellungen nur innerhalb der Hotel Wolf GmbH sowie der verbundenen Unternehmen.<br \/>\nWir geben sie nicht ohne Ihr ausdr\u00fcckliches Einverst\u00e4ndnis an Dritte weiter.<br \/>\nSollten im Rahmen der Auftragsdatenverarbeitung Daten an Dienstleister weitergegeben werden, so sind diese ebenfalls an deren gesetzliche Vorschriften und vertraglich an die Privacy Policy der b.media gebunden.<br \/>\nAuf Anordnung eines ordentlichen Gerichts, bei Aufforderung durch eine Ermittlungsbeh\u00f6rde oder zu Beweiszwecken (z.B. bei Versto\u00df gegen unsere AGB) k\u00f6nnen die bei uns gespeicherten Daten und Informationen im Rahmen der geltenden Gesetze genutzt und gegen\u00fcber Dritten offengelegt werden, sofern dies erforderlich ist.<\/p>\n<p>Ihre Daten werden niemals und unter keinen Umst\u00e4nden an Dritte weitergegeben, sofern dies nicht wie oben erl\u00e4utert notwendig ist. Keinesfalls verkaufen wir Ihre Daten oder geben sie zu Werbezwecken weiter.<\/p>\n<p>3. Einsatz von Cookies<br \/>\nWir setzen &#8220;Cookies&#8221; (kleine Dateien mit Konfigurationsinformationen) nach den Vorgaben der Informationsgemeinschaft zur Feststellung der Verbreitung von Werbetr\u00e4gern e. V. (IVW) ein. Sie helfen dabei, die Nutzungsh\u00e4ufigkeit und die Anzahl der Nutzer unserer Website zu ermitteln.<br \/>\nWir erfassen keine personenbezogenen Daten \u00fcber Cookies.<br \/>\nBei einer Bestellung wird auf Ihrem Computer unter Umst\u00e4nden ein &#8220;Cookie&#8221; gespeichert.<br \/>\nDieser dient nicht der Auswertung Ihres Nutzerverhaltens oder dergleichen.<br \/>\nEine Nutzung unserer Angebote ist auch ohne Cookies m\u00f6glich. Die meisten Browser sind so eingestellt, dass sie Cookies automatisch akzeptieren. Sie k\u00f6nnen das Speichern von Cookies jedoch deaktivieren oder Ihren Browser so einstellen, dass er Sie benachrichtigt, sobald Cookies gesendet werden.<br \/>\nAuf bestimmten Seiten werden Anzeigen von Unternehmen direkt geliefert. Hier kommen m\u00f6glicherweise Cookies zum Einsatz, ohne dass wir Sie darauf hinweisen k\u00f6nnen.<\/p>\n<p>4. Links zu anderen Websites<br \/>\nUnser Online-Angebot enth\u00e4lt Links zu anderen Websites.<br \/>\nWir haben keinen Einfluss darauf, dass deren Betreiber die Datenschutzbestimmungen einhalten.<\/p>\n<p>5. Fragen und Kommentare<br \/>\nF\u00fcr Fragen, Anregungen oder Kommentare zum Thema Datenschutz wenden Sie sich bitte per E-Mail an: <a href=\"mailto:office@hotelwolf.com\">office@hotelwolf.com<\/a><\/p>\n<\/div><\/section><\/p><\/div><div class=\"flex_column av_one_fifth  flex_column_div av-zero-column-padding   avia-builder-el-4  el_after_av_three_fifth  avia-builder-el-last  \" style='border-radius:0px; '><\/div><\/p>\n","protected":false},"excerpt":{"rendered":"","protected":false},"author":2,"featured_media":0,"parent":0,"menu_order":0,"comment_status":"closed","ping_status":"closed","template":"","meta":{"footnotes":""},"class_list":["post-791","page","type-page","status-publish","hentry"],"yoast_head":"<!-- This site is optimized with the Yoast SEO plugin v23.3 - https:\/\/yoast.com\/wordpress\/plugins\/seo\/ -->\n<title>Imprint | Altstadthotel Wolf Salzburg<\/title>\n<meta name=\"robots\" content=\"index, follow, max-snippet:-1, max-image-preview:large, max-video-preview:-1\" \/>\n<link rel=\"canonical\" href=\"https:\/\/hotelwolf.at\/en\/impressum\/\" \/>\n<meta property=\"og:locale\" content=\"en_US\" \/>\n<meta property=\"og:type\" content=\"article\" \/>\n<meta property=\"og:title\" content=\"Imprint | Altstadthotel Wolf Salzburg\" \/>\n<meta property=\"og:url\" content=\"https:\/\/hotelwolf.at\/en\/impressum\/\" \/>\n<meta property=\"og:site_name\" content=\"Altstadthotel Wolf Salzburg\" \/>\n<meta property=\"article:publisher\" content=\"https:\/\/www.facebook.com\/HotelWolfSalzburg\/\" \/>\n<meta property=\"article:modified_time\" content=\"2020-10-08T06:31:38+00:00\" \/>\n<meta name=\"twitter:card\" content=\"summary_large_image\" \/>\n<meta name=\"twitter:label1\" content=\"Est. reading time\" \/>\n\t<meta name=\"twitter:data1\" content=\"6 minutes\" \/>\n<script type=\"application\/ld+json\" class=\"yoast-schema-graph\">{\"@context\":\"https:\/\/schema.org\",\"@graph\":[{\"@type\":\"WebPage\",\"@id\":\"https:\/\/hotelwolf.at\/en\/impressum\/\",\"url\":\"https:\/\/hotelwolf.at\/en\/impressum\/\",\"name\":\"Imprint | Altstadthotel Wolf Salzburg\",\"isPartOf\":{\"@id\":\"https:\/\/hotelwolf.at\/#website\"},\"datePublished\":\"2016-05-17T11:19:59+00:00\",\"dateModified\":\"2020-10-08T06:31:38+00:00\",\"breadcrumb\":{\"@id\":\"https:\/\/hotelwolf.at\/en\/impressum\/#breadcrumb\"},\"inLanguage\":\"en-US\",\"potentialAction\":[{\"@type\":\"ReadAction\",\"target\":[\"https:\/\/hotelwolf.at\/en\/impressum\/\"]}]},{\"@type\":\"BreadcrumbList\",\"@id\":\"https:\/\/hotelwolf.at\/en\/impressum\/#breadcrumb\",\"itemListElement\":[{\"@type\":\"ListItem\",\"position\":1,\"name\":\"Startseite\",\"item\":\"https:\/\/hotelwolf.at\/startseite\/\"},{\"@type\":\"ListItem\",\"position\":2,\"name\":\"Imprint\"}]},{\"@type\":\"WebSite\",\"@id\":\"https:\/\/hotelwolf.at\/#website\",\"url\":\"https:\/\/hotelwolf.at\/\",\"name\":\"Altstadthotel Wolf Salzburg\",\"description\":\"Ihr familiengef\u00fchrtes Hotel mitten in Salzburg\",\"publisher\":{\"@id\":\"https:\/\/hotelwolf.at\/#organization\"},\"potentialAction\":[{\"@type\":\"SearchAction\",\"target\":{\"@type\":\"EntryPoint\",\"urlTemplate\":\"https:\/\/hotelwolf.at\/?s={search_term_string}\"},\"query-input\":\"required name=search_term_string\"}],\"inLanguage\":\"en-US\"},{\"@type\":\"Organization\",\"@id\":\"https:\/\/hotelwolf.at\/#organization\",\"name\":\"Altstadthotel Wolf Salzburg\",\"url\":\"https:\/\/hotelwolf.at\/\",\"logo\":{\"@type\":\"ImageObject\",\"inLanguage\":\"en-US\",\"@id\":\"https:\/\/hotelwolf.at\/#\/schema\/logo\/image\/\",\"url\":\"https:\/\/hotelwolf.at\/wp-content\/uploads\/2015\/09\/logo-tr2.png\",\"contentUrl\":\"https:\/\/hotelwolf.at\/wp-content\/uploads\/2015\/09\/logo-tr2.png\",\"width\":440,\"height\":202,\"caption\":\"Altstadthotel Wolf Salzburg\"},\"image\":{\"@id\":\"https:\/\/hotelwolf.at\/#\/schema\/logo\/image\/\"},\"sameAs\":[\"https:\/\/www.facebook.com\/HotelWolfSalzburg\/\",\"https:\/\/www.instagram.com\/hotelwolfsalzburg\/\"]}]}<\/script>\n<!-- \/ Yoast SEO plugin. -->","yoast_head_json":{"title":"Imprint | Altstadthotel Wolf Salzburg","robots":{"index":"index","follow":"follow","max-snippet":"max-snippet:-1","max-image-preview":"max-image-preview:large","max-video-preview":"max-video-preview:-1"},"canonical":"https:\/\/hotelwolf.at\/en\/impressum\/","og_locale":"en_US","og_type":"article","og_title":"Imprint | Altstadthotel Wolf Salzburg","og_url":"https:\/\/hotelwolf.at\/en\/impressum\/","og_site_name":"Altstadthotel Wolf Salzburg","article_publisher":"https:\/\/www.facebook.com\/HotelWolfSalzburg\/","article_modified_time":"2020-10-08T06:31:38+00:00","twitter_card":"summary_large_image","twitter_misc":{"Est. reading time":"6 minutes"},"schema":{"@context":"https:\/\/schema.org","@graph":[{"@type":"WebPage","@id":"https:\/\/hotelwolf.at\/en\/impressum\/","url":"https:\/\/hotelwolf.at\/en\/impressum\/","name":"Imprint | Altstadthotel Wolf Salzburg","isPartOf":{"@id":"https:\/\/hotelwolf.at\/#website"},"datePublished":"2016-05-17T11:19:59+00:00","dateModified":"2020-10-08T06:31:38+00:00","breadcrumb":{"@id":"https:\/\/hotelwolf.at\/en\/impressum\/#breadcrumb"},"inLanguage":"en-US","potentialAction":[{"@type":"ReadAction","target":["https:\/\/hotelwolf.at\/en\/impressum\/"]}]},{"@type":"BreadcrumbList","@id":"https:\/\/hotelwolf.at\/en\/impressum\/#breadcrumb","itemListElement":[{"@type":"ListItem","position":1,"name":"Startseite","item":"https:\/\/hotelwolf.at\/startseite\/"},{"@type":"ListItem","position":2,"name":"Imprint"}]},{"@type":"WebSite","@id":"https:\/\/hotelwolf.at\/#website","url":"https:\/\/hotelwolf.at\/","name":"Altstadthotel Wolf Salzburg","description":"Ihr familiengef\u00fchrtes Hotel mitten in Salzburg","publisher":{"@id":"https:\/\/hotelwolf.at\/#organization"},"potentialAction":[{"@type":"SearchAction","target":{"@type":"EntryPoint","urlTemplate":"https:\/\/hotelwolf.at\/?s={search_term_string}"},"query-input":"required name=search_term_string"}],"inLanguage":"en-US"},{"@type":"Organization","@id":"https:\/\/hotelwolf.at\/#organization","name":"Altstadthotel Wolf Salzburg","url":"https:\/\/hotelwolf.at\/","logo":{"@type":"ImageObject","inLanguage":"en-US","@id":"https:\/\/hotelwolf.at\/#\/schema\/logo\/image\/","url":"https:\/\/hotelwolf.at\/wp-content\/uploads\/2015\/09\/logo-tr2.png","contentUrl":"https:\/\/hotelwolf.at\/wp-content\/uploads\/2015\/09\/logo-tr2.png","width":440,"height":202,"caption":"Altstadthotel Wolf Salzburg"},"image":{"@id":"https:\/\/hotelwolf.at\/#\/schema\/logo\/image\/"},"sameAs":["https:\/\/www.facebook.com\/HotelWolfSalzburg\/","https:\/\/www.instagram.com\/hotelwolfsalzburg\/"]}]}},"_links":{"self":[{"href":"https:\/\/hotelwolf.at\/en\/wp-json\/wp\/v2\/pages\/791"}],"collection":[{"href":"https:\/\/hotelwolf.at\/en\/wp-json\/wp\/v2\/pages"}],"about":[{"href":"https:\/\/hotelwolf.at\/en\/wp-json\/wp\/v2\/types\/page"}],"author":[{"embeddable":true,"href":"https:\/\/hotelwolf.at\/en\/wp-json\/wp\/v2\/users\/2"}],"replies":[{"embeddable":true,"href":"https:\/\/hotelwolf.at\/en\/wp-json\/wp\/v2\/comments?post=791"}],"version-history":[{"count":6,"href":"https:\/\/hotelwolf.at\/en\/wp-json\/wp\/v2\/pages\/791\/revisions"}],"predecessor-version":[{"id":3453,"href":"https:\/\/hotelwolf.at\/en\/wp-json\/wp\/v2\/pages\/791\/revisions\/3453"}],"wp:attachment":[{"href":"https:\/\/hotelwolf.at\/en\/wp-json\/wp\/v2\/media?parent=791"}],"curies":[{"name":"wp","href":"https:\/\/api.w.org\/{rel}","templated":true}]}}